{"id":2,"date":"2025-03-22T18:54:37","date_gmt":"2025-03-22T18:54:37","guid":{"rendered":"https:\/\/mebullion.com\/?page_id=2"},"modified":"2025-03-22T21:59:20","modified_gmt":"2025-03-22T21:59:20","slug":"sample-page","status":"publish","type":"page","link":"https:\/\/mebullion.com\/?page_id=2","title":{"rendered":"Guld, silver och andra metaller"},"content":{"rendered":"\n<p>Blickar man tillbaka i historien s\u00e5 har guld, silver &#8230;.. anv\u00e4nts som betalningsmedel under v\u00e4ldigt l\u00e5ng tid.<\/p>\n\n\n\n<blockquote class=\"wp-block-quote is-layout-flow wp-block-quote-is-layout-flow\">\n<p>Citat &#8221; &#8221; &#8211; Person<\/p>\n<\/blockquote>\n\n\n\n<p>&#8230;or something like this:<\/p>\n\n\n\n<blockquote class=\"wp-block-quote is-layout-flow wp-block-quote-is-layout-flow\">\n<p>F\u00f6retag<\/p>\n<\/blockquote>\n\n\n\n<p> V\u00e4lkommen att titta in p\u00e5 produktsidan f\u00f6r att se dina n\u00e4sta k\u00f6p \ud83d\ude42<\/p>\n\n\n\n<p><\/p>\n","protected":false},"excerpt":{"rendered":"<p>Blickar man tillbaka i historien s\u00e5 har guld, silver &#8230;.. anv\u00e4nts som betalningsmedel under v\u00e4ldigt l\u00e5ng tid. Citat &#8221; &#8221; &#8211; Person &#8230;or something like this: F\u00f6retag V\u00e4lkommen att titta in p\u00e5 produktsidan f\u00f6r att se dina n\u00e4sta k\u00f6p \ud83d\ude42<\/p>\n","protected":false},"author":1,"featured_media":0,"parent":0,"menu_order":0,"comment_status":"closed","ping_status":"open","template":"","meta":{"footnotes":""},"class_list":["post-2","page","type-page","status-publish","hentry"],"_links":{"self":[{"href":"https:\/\/mebullion.com\/index.php?rest_route=\/wp\/v2\/pages\/2","targetHints":{"allow":["GET"]}}],"collection":[{"href":"https:\/\/mebullion.com\/index.php?rest_route=\/wp\/v2\/pages"}],"about":[{"href":"https:\/\/mebullion.com\/index.php?rest_route=\/wp\/v2\/types\/page"}],"author":[{"embeddable":true,"href":"https:\/\/mebullion.com\/index.php?rest_route=\/wp\/v2\/users\/1"}],"replies":[{"embeddable":true,"href":"https:\/\/mebullion.com\/index.php?rest_route=%2Fwp%2Fv2%2Fcomments&post=2"}],"version-history":[{"count":3,"href":"https:\/\/mebullion.com\/index.php?rest_route=\/wp\/v2\/pages\/2\/revisions"}],"predecessor-version":[{"id":40,"href":"https:\/\/mebullion.com\/index.php?rest_route=\/wp\/v2\/pages\/2\/revisions\/40"}],"wp:attachment":[{"href":"https:\/\/mebullion.com\/index.php?rest_route=%2Fwp%2Fv2%2Fmedia&parent=2"}],"curies":[{"name":"wp","href":"https:\/\/api.w.org\/{rel}","templated":true}]}}