{"id":46,"date":"2025-03-23T02:47:35","date_gmt":"2025-03-23T02:47:35","guid":{"rendered":"https:\/\/mebullion.com\/?page_id=46"},"modified":"2025-03-23T03:04:25","modified_gmt":"2025-03-23T03:04:25","slug":"om-oss","status":"publish","type":"page","link":"https:\/\/mebullion.com\/?page_id=46","title":{"rendered":"Om oss"},"content":{"rendered":"\n<p><strong>MeBullion \u2013 \u00c4dla metaller. Riktigt v\u00e4rde.<\/strong><br>Vi grundade MeBullion f\u00f6r att g\u00f6ra det enklare f\u00f6r privatpersoner att investera i \u00e4kta, fysiska metaller \u2013 utan kr\u00e5ngel.<br>Med fokus p\u00e5 kvalitet, transparens och trygghet erbjuder vi ett handplockat sortiment av investeringsmetaller: silver, koppar och guld \u2013 till rimliga priser och med personlig service.<\/p>\n\n\n\n<p><\/p>\n","protected":false},"excerpt":{"rendered":"<p>MeBullion \u2013 \u00c4dla metaller. Riktigt v\u00e4rde.Vi grundade MeBullion f\u00f6r att g\u00f6ra det enklare f\u00f6r privatpersoner att investera i \u00e4kta, fysiska metaller \u2013 utan kr\u00e5ngel.Med fokus p\u00e5 kvalitet, transparens och trygghet erbjuder vi ett handplockat sortiment av investeringsmetaller: silver, koppar och guld \u2013 till rimliga priser och med personlig service.<\/p>\n","protected":false},"author":1,"featured_media":0,"parent":0,"menu_order":0,"comment_status":"closed","ping_status":"closed","template":"","meta":{"footnotes":""},"class_list":["post-46","page","type-page","status-publish","hentry"],"_links":{"self":[{"href":"https:\/\/mebullion.com\/index.php?rest_route=\/wp\/v2\/pages\/46","targetHints":{"allow":["GET"]}}],"collection":[{"href":"https:\/\/mebullion.com\/index.php?rest_route=\/wp\/v2\/pages"}],"about":[{"href":"https:\/\/mebullion.com\/index.php?rest_route=\/wp\/v2\/types\/page"}],"author":[{"embeddable":true,"href":"https:\/\/mebullion.com\/index.php?rest_route=\/wp\/v2\/users\/1"}],"replies":[{"embeddable":true,"href":"https:\/\/mebullion.com\/index.php?rest_route=%2Fwp%2Fv2%2Fcomments&post=46"}],"version-history":[{"count":2,"href":"https:\/\/mebullion.com\/index.php?rest_route=\/wp\/v2\/pages\/46\/revisions"}],"predecessor-version":[{"id":104,"href":"https:\/\/mebullion.com\/index.php?rest_route=\/wp\/v2\/pages\/46\/revisions\/104"}],"wp:attachment":[{"href":"https:\/\/mebullion.com\/index.php?rest_route=%2Fwp%2Fv2%2Fmedia&parent=46"}],"curies":[{"name":"wp","href":"https:\/\/api.w.org\/{rel}","templated":true}]}}